{"id":4554,"date":"2014-07-30T06:03:05","date_gmt":"2014-07-30T06:03:05","guid":{"rendered":"http:\/\/nikaiacours.webeazy.fr\/en\/apropos\/"},"modified":"2018-01-12T14:20:14","modified_gmt":"2018-01-12T13:20:14","slug":"about","status":"publish","type":"page","link":"https:\/\/www.nikaiacours.fr\/en\/about\/","title":{"rendered":"About"},"content":{"rendered":"<div id=\"\" class=\"ivan-custom-wrapper theme_default parallax-none\"  style=\"\">\n\t\t\t<div class=\"ivan-bg-video\">\n\t\t\t\t<div class=\"ivan-bg-video-inner\"><\/div>\n\t\t\t\t\n\t\t\t<\/div><div class=\"vc_row wpb_row vc_row-fluid vc_custom_1406720540208\"><div class=\"wpb_column vc_column_container vc_col-sm-8\"><div class=\"vc_column-inner\"><div class=\"wpb_wrapper\">\n\t<div class=\"wpb_text_column wpb_content_element  wpb_animate_when_almost_visible wpb_appear appear vc_customizer_1485298834364 \" >\n\t\t<div class=\"wpb_wrapper\">\n\t\t\t<h2><span style=\"color: #00acd5;\">About Me<\/span><\/h2>\n<p>Would you like to learn <strong>French<\/strong> here on the <strong>Cote d\u2019Azur<\/strong> without spending a fortune, and in classes of no more than three students?<\/p>\n<p>I offer <strong>high-quality<\/strong>, <strong>personalised<\/strong> French classes that cater for a variety of both levels and needs.\u00a0 This includes but is not limited to: beginners, advanced; summer courses for children and those on school holiday; long-term courses; intensive courses; help with literacy; exam preparation for DELF\/ TCF; professional business French and university admittance preparation.<\/p>\n<p>With <strong>over 20 years experience<\/strong> teaching French (both in language institutes and public\/private schools), I am a highly qualified teacher who seeks to teach people French quickly. Whilst lessons typically involve working on oral and conversation skills, I understand the importance of identifying the specific needs of my students, and am able to adapt my approach accordingly.<\/p>\n<p>Classes take place in <strong>Central Nice<\/strong> (very near to the main <strong>train station<\/strong>).\u00a0 Alternatively, private classes can be given at home.<\/p>\n\n\t\t<\/div>\n\t<\/div>\n<\/div><\/div><\/div><div class=\"wpb_column vc_column_container vc_col-sm-4\"><div class=\"vc_column-inner\"><div class=\"wpb_wrapper\">\n\t<div  class=\"wpb_single_image wpb_content_element vc_align_center\">\n\t\t\n\t\t<figure class=\"wpb_wrapper vc_figure\">\n\t\t\t<div class=\"vc_single_image-wrapper   vc_box_border_grey\"><img width=\"150\" height=\"150\" src=\"https:\/\/www.nikaiacours.fr\/wp-content\/uploads\/2014\/07\/angelique-kasse-150x150.png\" class=\"vc_single_image-img attachment-thumbnail\" alt=\"\" loading=\"lazy\" srcset=\"https:\/\/www.nikaiacours.fr\/wp-content\/uploads\/2014\/07\/angelique-kasse-150x150.png 150w, https:\/\/www.nikaiacours.fr\/wp-content\/uploads\/2014\/07\/angelique-kasse-300x300.png 300w, https:\/\/www.nikaiacours.fr\/wp-content\/uploads\/2014\/07\/angelique-kasse-480x480.png 480w, https:\/\/www.nikaiacours.fr\/wp-content\/uploads\/2014\/07\/angelique-kasse-271x270.png 271w, https:\/\/www.nikaiacours.fr\/wp-content\/uploads\/2014\/07\/angelique-kasse-440x439.png 440w, https:\/\/www.nikaiacours.fr\/wp-content\/uploads\/2014\/07\/angelique-kasse-229x229.png 229w, https:\/\/www.nikaiacours.fr\/wp-content\/uploads\/2014\/07\/angelique-kasse.png 512w\" sizes=\"(max-width: 150px) 100vw, 150px\" \/><\/div>\n\t\t<\/figure>\n\t<\/div>\n\n\t<div class=\"wpb_text_column wpb_content_element  vc_customizer_1485298612252 \" >\n\t\t<div class=\"wpb_wrapper\">\n\t\t\t<h3 style=\"text-align: center;\"><span style=\"color: #00acd5;\">KASSE-CARABASSIS ANGELIQUE<\/span><\/h3>\n<p style=\"text-align: center;\">Born on 09-04-1972 in Paris.<\/p>\n\n\t\t<\/div>\n\t<\/div>\n<\/div><\/div><\/div><\/div><\/div><div id=\"stm_info_box_2\" class=\"ivan-custom-wrapper full_width parallax-none adaptive_block_1\"  style=\"\">\n\t\t\t<div class=\"ivan-bg-video\">\n\t\t\t\t<div class=\"ivan-bg-video-inner\"><\/div>\n\t\t\t\t\n\t\t\t<\/div><div class=\"vc_row wpb_row vc_row-fluid adaptive_block_1 vc_custom_1484667849367\"><div class=\"wpb_column vc_column_container vc_col-sm-4\"><div class=\"vc_column-inner\"><div class=\"wpb_wrapper\"><div class=\"aio-icon-component    style_3\"><a class=\"aio-icon-box-link\" href=\"http:\/\/nikaiacours.webeazy.fr\/contact\/\" ><div id=\"Info-box-wrap-4448\" class=\"aio-icon-box top-icon\" style=\"\"  ><div class=\"aio-icon-top\"><div class=\"ult-just-icon-wrapper  \"><div class=\"align-icon\" style=\"text-align:center;\">\n<div class=\"aio-icon none \" data-animation=\"bounceIn\" data-animation-delay=\"03\" style=\"color:#fa2b01;font-size:60px;display:inline-block;\">\n\t<i class=\"Defaults-phone\"><\/i>\n<\/div><\/div><\/div><\/div><div class=\"aio-icon-header\" ><h3 class=\"aio-icon-title ult-responsive\"  data-ultimate-target='#Info-box-wrap-4448 .aio-icon-title'  data-responsive-json-new='{\"font-size\":\"\",\"line-height\":\"\"}'  style=\"\">Contact<\/h3><\/div> <!-- header --><div class=\"aio-icon-description ult-responsive\"  data-ultimate-target='#Info-box-wrap-4448 .aio-icon-description'  data-responsive-json-new='{\"font-size\":\"\",\"line-height\":\"\"}'  style=\"\"><\/p>\n<p style=\"text-align: center;\">Phone\u00a0+33 6 59 07 76 01, Mail:angeliquekasse094@gmail.com<\/p>\n<p><\/div> <!-- description --><\/div> <!-- aio-icon-box --><\/a><\/div> <!-- aio-icon-component --><\/div><\/div><\/div><div class=\"wpb_column vc_column_container vc_col-sm-4\"><div class=\"vc_column-inner\"><div class=\"wpb_wrapper\"><div class=\"aio-icon-component    style_3\"><a class=\"aio-icon-box-link\" href=\"http:\/\/nikaiacours.webeazy.fr\/tarifs\/\" ><div id=\"Info-box-wrap-9238\" class=\"aio-icon-box top-icon\" style=\"\"  ><div class=\"aio-icon-top\"><div class=\"ult-just-icon-wrapper  \"><div class=\"align-icon\" style=\"text-align:center;\">\n<div class=\"aio-icon none \" data-animation=\"bounceIn\" data-animation-delay=\"03\" style=\"color:#fa2b01;font-size:60px;display:inline-block;\">\n\t<i class=\"Defaults-money\"><\/i>\n<\/div><\/div><\/div><\/div><div class=\"aio-icon-header\" ><h3 class=\"aio-icon-title ult-responsive\"  data-ultimate-target='#Info-box-wrap-9238 .aio-icon-title'  data-responsive-json-new='{\"font-size\":\"\",\"line-height\":\"\"}'  style=\"\">Prices<\/h3><\/div> <!-- header --><div class=\"aio-icon-description ult-responsive\"  data-ultimate-target='#Info-box-wrap-9238 .aio-icon-description'  data-responsive-json-new='{\"font-size\":\"\",\"line-height\":\"\"}'  style=\"\"><\/p>\n<p style=\"text-align: center;\">Rates very suitable rates based on customized formulas.<\/p>\n<p><\/div> <!-- description --><\/div> <!-- aio-icon-box --><\/a><\/div> <!-- aio-icon-component --><\/div><\/div><\/div><div class=\"wpb_column vc_column_container vc_col-sm-4\"><div class=\"vc_column-inner\"><div class=\"wpb_wrapper\"><div class=\"aio-icon-component    style_3\"><a class=\"aio-icon-box-link\" href=\"http:\/\/nikaiacours.webeazy.fr\/horaires-des-cours\/\" ><div id=\"Info-box-wrap-7804\" class=\"aio-icon-box top-icon\" style=\"\"  ><div class=\"aio-icon-top\"><div class=\"ult-just-icon-wrapper  \"><div class=\"align-icon\" style=\"text-align:center;\">\n<div class=\"aio-icon none \" data-animation=\"bounceIn\" data-animation-delay=\"03\" style=\"color:#fa2b01;font-size:60px;display:inline-block;\">\n\t<i class=\"Defaults-clock-o\"><\/i>\n<\/div><\/div><\/div><\/div><div class=\"aio-icon-header\" ><h3 class=\"aio-icon-title ult-responsive\"  data-ultimate-target='#Info-box-wrap-7804 .aio-icon-title'  data-responsive-json-new='{\"font-size\":\"\",\"line-height\":\"\"}'  style=\"\">Opening hours<\/h3><\/div> <!-- header --><div class=\"aio-icon-description ult-responsive\"  data-ultimate-target='#Info-box-wrap-7804 .aio-icon-description'  data-responsive-json-new='{\"font-size\":\"\",\"line-height\":\"\"}'  style=\"\"><\/p>\n<p style=\"text-align: center;\">Flexible slots, daily from 09.00 AM to 21.00 PM<\/p>\n<p><\/div> <!-- description --><\/div> <!-- aio-icon-box --><\/a><\/div> <!-- aio-icon-component --><\/div><\/div><\/div><\/div><\/div><div id=\"\" class=\"ivan-custom-wrapper theme_default parallax-none\"  style=\"\">\n\t\t\t<div class=\"ivan-bg-video\">\n\t\t\t\t<div class=\"ivan-bg-video-inner\"><\/div>\n\t\t\t\t\n\t\t\t<\/div><div class=\"vc_row wpb_row vc_row-fluid vc_custom_1406714608049\"><div class=\"wpb_column vc_column_container vc_col-sm-12\"><div class=\"vc_column-inner\"><div class=\"wpb_wrapper\"><div class=\"ivan-tabs-wrap \">\n\t<div class=\"wpb_tabs wpb_content_element\" data-interval=\"0\">\n\t\t<div class=\"wpb_wrapper wpb_tour_tabs_wrapper ui-tabs vc_clearfix\">\n\t\t\t<ul class=\"wpb_tabs_nav ui-tabs-nav vc_clearfix\"><li><a href=\"#tab-1406706978-1-39\">Diplomas<\/a><\/li><li><a href=\"#tab-1406706978-2-75\">Experiences<\/a><\/li><li><a href=\"#tab-1406711031309-2-7\">more<\/a><\/li><\/ul>\n\t<div id=\"tab-1406706978-1-39\" class=\"wpb_tab ui-tabs-panel wpb_ui-tabs-hide vc_clearfix\">\n\t\t\n\t<div class=\"wpb_text_column wpb_content_element  vc_customizer_1475704299810 \" >\n\t\t<div class=\"wpb_wrapper\">\n\t\t\t<ul>\n<li><strong>MASTER 2<\/strong> <u>Dipl\u00f4me post universitaire<\/u> en Didactique de Langue Fran\u00e7aise \u00e0 l\u2019Universit\u00e9 ouverte de Patras en Gr\u00e8ce.<\/li>\n<li><strong>MASTER 1 <\/strong> <u>MAITRISE de FLE<\/u> `a l\u2019Universit\u00e9 Paris 7 Jussieu en France<\/li>\n<li><strong>MAITRISE DE LETTRES MODERNES LICENCE \u00e0<\/strong>\u00a0l\u2019Universit\u00e9 Paris 7 Jussieu en France.<\/li>\n<li><strong>LICENCE de LETTRES MODERNES<\/strong>\u00a0\u00e0 l\u2019Universit\u00e9 Paris 7 Jussieu en France.<\/li>\n<li>REUSSITE AU <strong>CONCOURS <\/strong>\u00e9quivalent au <strong>Cafep &#8211; Capes<\/strong> et nomination en tant que professeur de fran\u00e7ais du primaire et des coll\u00e8ges en Gr\u00e8ce \u00e0\u00a0l\u2019\u00e9tranger.<\/li>\n<li>Dipl\u00f4me de Premier Secours.<\/li>\n<li>Dipl\u00f4me d\u2019animateur BAFA.<\/li>\n<\/ul>\n\n\t\t<\/div>\n\t<\/div>\n\n\t<\/div>\n\n\t<div id=\"tab-1406706978-2-75\" class=\"wpb_tab ui-tabs-panel wpb_ui-tabs-hide vc_clearfix\">\n\t\t\n\t<div class=\"wpb_text_column wpb_content_element  vc_customizer_1482502331450 \" >\n\t\t<div class=\"wpb_wrapper\">\n\t\t\t<ul>\n<li><strong>PROFESSEUR DE FRAN\u00c7AIS, D\u2019HISTOIRE, DE G\u00c9OGRAPHIE\u00a0ET D\u2019EDUCATION CIVIQUE<\/strong> \u00e0 NICE pour des \u00e9l\u00e8ves dyslexiques, autistes, en difficult\u00e9 scolaire. Classes de primaire\u00a0: CE2, CM2 et classes du coll\u00e8ge\u00a0: 6eme, 5eme, 4eme et 3eme.<\/li>\n<li><strong>PROFESSEUR de Fran\u00e7ais et de FLE depuis 20 ans dans des \u00e9coles\u00a0priv\u00e9es\u00a0et publiques en France et \u00e0 l\u2019\u00e9tranger.<\/strong><\/li>\n<li><strong>PROFESSEUR DE COURS PRIV\u00c9S:<\/strong> cours particuliers pour enfants, pour des \u00e9l\u00e8ves qui passent le Brevet, le Bac de fran\u00e7ais, pour adultes (m\u00e9decins, avocats, directeurs d\u2019entreprise\u2026), ainsi que pour des \u00e9tudiants \u00e0 l\u2019universit\u00e9 (\u00e9tudiant le FLE ou \u00e9tudiant le fran\u00e7ais litt\u00e9raire)<strong> depuis 1996<\/strong>.<\/li>\n<li><strong>CORRECTRICE de m\u00e9moire de MASTER ou de fin d\u2019\u00e9tudes <\/strong> pour des \u00e9tudiants faisant des \u00e9tudes de fran\u00e7ais, de m\u00e9decine ou autres.<\/li>\n<li><strong>PROFESSEUR de FLE<\/strong> dans des instituts priv\u00e9s de 2003 \u00e0 2014 pour des \u00e9tudiants et adultes.<\/li>\n<li><strong>Professeur de fran\u00e7ais, d\u2019histoire<\/strong> <strong>et d\u2019\u00e9ducation civique <\/strong>dans des \u00e9coles primaires, des coll\u00e8ges et des lyc\u00e9es publics de 2007 \u00e0 2015.<\/li>\n<li><strong>PROFESSEUR de fran\u00e7ais<\/strong> de 1996 \u00e0 2007 au <strong>Coll\u00e8ge Am\u00e9ricain<\/strong> <strong>priv\u00e9e d\u2019Ath\u00e8nes <\/strong> en Gr\u00e8ce au primaire et au coll\u00e8ge.<\/li>\n<li><strong>COORDINATRICE de la section de fran\u00e7ais<\/strong>\u00a0\u00e0 l\u2019Ecole Primaire LATSIO &#8211; AMERICAIN COLLEGE de 2001 \u00e0 2006 \u00e0 Ath\u00e8nes en Gr\u00e8ce. Responsable de 8 classes et d\u2019environ 200 \u00e9l\u00e8ves.<\/li>\n<li><strong>EXAMINATRICE aux examens DELF, DALF \u00e0 l\u2019Institut Fran\u00e7ais<\/strong> de 1997 \u00e0 2011.<\/li>\n<li><strong>Animatrice<\/strong> au \u00ab\u00a0Paris Country Club\u00a0\u00bb \u00e0 la \u00ab\u00a0Maison des petits\u00a0\u00bb de 1993 \u00e0 1997.<\/li>\n<\/ul>\n\n\t\t<\/div>\n\t<\/div>\n\n\t<\/div>\n\n\t<div id=\"tab-1406711031309-2-7\" class=\"wpb_tab ui-tabs-panel wpb_ui-tabs-hide vc_clearfix\">\n\t\t\n\t<div class=\"wpb_text_column wpb_content_element  vc_customizer_1475704585562 \" >\n\t\t<div class=\"wpb_wrapper\">\n\t\t\t<ul>\n<li>S\u00e9minaires de FLE organis\u00e9s par l\u2019Institut Fran\u00e7ais d\u2019Ath\u00e8nes portant sur l\u2019enseignement du fran\u00e7ais et du FLE de 2003 \u00e0 2014.<\/li>\n<li>S\u00e9minaires sur l\u2019enseignement au coll\u00e8ge en 2006 et 2014.<\/li>\n<li>S\u00e9minaires portant sur l\u2019utilisation d\u2019internet en cours de langue et sur l\u2019Education \u00e0 l\u2019environnement.<\/li>\n<li>Plusieurs s\u00e9minaires centr\u00e9s sur l\u2019enseignement du FLE et du FOS en 2011 et 2013.<\/li>\n<li>S\u00e9minaires suivis pour mon DEA de didactique de FLE de 2010 \u00e0 2014.<\/li>\n<li>Participation au concours de la Francophonie et Grand Prix gagn\u00e9 avec les \u00e9l\u00e8ves du coll\u00e8ge o\u00f9 j\u2019enseignais en 2010.<\/li>\n<li>Premier titre dans les journaux locaux de Sparte pour le <strong>Premier Prix National de la Francophonie<\/strong> gagn\u00e9 en juin 2009.<\/li>\n<li>Participation au concours de la Francophonie et Premier Prix National gagn\u00e9 avec les \u00e9l\u00e8ves d\u2019 \u00ab\u00a0American College\u00a0\u00bb au primaire en 2002.<\/li>\n<li><strong>Ecriture d\u2019un livre de FLE \u00ab\u00a0Pr\u00e9paration au DELF A2\u00a0\u00bb<\/strong> Edition\u00a0:\u00a0\u00ab\u00a0Kosvogianni\u00bb.<\/li>\n<\/ul>\n\n\t\t<\/div>\n\t<\/div>\n\n\t<\/div>\n\n\t\t<\/div>\n\t<\/div>\n<\/div><\/div><\/div><\/div><\/div><\/div><div id=\"\" class=\"ivan-custom-wrapper theme_default parallax-none\"  style=\"\">\n\t\t\t<div class=\"ivan-bg-video\">\n\t\t\t\t<div class=\"ivan-bg-video-inner\"><\/div>\n\t\t\t\t\n\t\t\t<\/div><div class=\"vc_row wpb_row vc_row-fluid\"><div class=\"wpb_column vc_column_container vc_col-sm-12\"><div class=\"vc_column-inner\"><div class=\"wpb_wrapper\"><div id=\"ts-vcsc-image-gallery-9960692\" class=\"ts-image-gallery-wrapper ts-lightbox-nacho-frame   \" data-style=\"grid\" data-break-parents=\"6\" data-inline=\"false\" style=\"margin-top: 0px; margin-bottom: 0px; position: relative;\"><div id=\"ts-vcsc-image-gallery-9960692-grid\" class=\"ts-lightbox-gallery-grid\"><a style=\"width: 20%; height: 100%; display: inline-block; margin: 0; padding: 0;\" id=\"nachogroup9960692-0\" href=\"https:\/\/www.nikaiacours.fr\/wp-content\/uploads\/2014\/07\/DSC00683.jpg\" target=\"_blank\" data-thumbnail=\"https:\/\/www.nikaiacours.fr\/wp-content\/uploads\/2014\/07\/DSC00683-300x225.jpg\" data-include=\"true\" data-hover=\"\" data-title=\"\" data-groups=\"\" class=\"nch-lightbox-media no-ajaxy ts-hover-image nachogroup9960692 nofancybox\" rel=\"nachogroup9960692\" data-effect=\"random\" data-nohashes=\"true\" data-usecors=\"global\" data-share=\"1\"><img src=\"https:\/\/www.nikaiacours.fr\/wp-content\/uploads\/2014\/07\/DSC00683-300x225.jpg\" alt=\"DSC00683-300x225\" class=\"nch-lb-makegrid\" data-no-lazy=\"1\"><\/a><a style=\"width: 20%; height: 100%; display: inline-block; margin: 0; padding: 0;\" id=\"nachogroup9960692-1\" href=\"https:\/\/www.nikaiacours.fr\/wp-content\/uploads\/2014\/07\/DSC00686.jpg\" target=\"_blank\" data-thumbnail=\"https:\/\/www.nikaiacours.fr\/wp-content\/uploads\/2014\/07\/DSC00686-300x225.jpg\" data-include=\"true\" data-hover=\"\" data-title=\"\" data-groups=\"\" class=\"nch-lightbox-media no-ajaxy ts-hover-image nachogroup9960692 nofancybox\" rel=\"nachogroup9960692\" data-effect=\"random\" data-nohashes=\"true\" data-usecors=\"global\" data-share=\"1\"><img src=\"https:\/\/www.nikaiacours.fr\/wp-content\/uploads\/2014\/07\/DSC00686-300x225.jpg\" alt=\"DSC00686-300x225\" class=\"nch-lb-makegrid\" data-no-lazy=\"1\"><\/a><a style=\"width: 20%; height: 100%; display: inline-block; margin: 0; padding: 0;\" id=\"nachogroup9960692-2\" href=\"https:\/\/www.nikaiacours.fr\/wp-content\/uploads\/2014\/07\/DSC00688.jpg\" target=\"_blank\" data-thumbnail=\"https:\/\/www.nikaiacours.fr\/wp-content\/uploads\/2014\/07\/DSC00688-300x225.jpg\" data-include=\"true\" data-hover=\"\" data-title=\"\" data-groups=\"\" class=\"nch-lightbox-media no-ajaxy ts-hover-image nachogroup9960692 nofancybox\" rel=\"nachogroup9960692\" data-effect=\"random\" data-nohashes=\"true\" data-usecors=\"global\" data-share=\"1\"><img src=\"https:\/\/www.nikaiacours.fr\/wp-content\/uploads\/2014\/07\/DSC00688-300x225.jpg\" alt=\"DSC00688-300x225\" class=\"nch-lb-makegrid\" data-no-lazy=\"1\"><\/a><a style=\"width: 20%; height: 100%; display: inline-block; margin: 0; padding: 0;\" id=\"nachogroup9960692-3\" href=\"https:\/\/www.nikaiacours.fr\/wp-content\/uploads\/2014\/07\/DSC00742.jpg\" target=\"_blank\" data-thumbnail=\"https:\/\/www.nikaiacours.fr\/wp-content\/uploads\/2014\/07\/DSC00742-300x225.jpg\" data-include=\"true\" data-hover=\"\" data-title=\"\" data-groups=\"\" class=\"nch-lightbox-media no-ajaxy ts-hover-image nachogroup9960692 nofancybox\" rel=\"nachogroup9960692\" data-effect=\"random\" data-nohashes=\"true\" data-usecors=\"global\" data-share=\"1\"><img src=\"https:\/\/www.nikaiacours.fr\/wp-content\/uploads\/2014\/07\/DSC00742-300x225.jpg\" alt=\"DSC00742-300x225\" class=\"nch-lb-makegrid\" data-no-lazy=\"1\"><\/a><a style=\"width: 20%; height: 100%; display: inline-block; margin: 0; padding: 0;\" id=\"nachogroup9960692-4\" href=\"https:\/\/www.nikaiacours.fr\/wp-content\/uploads\/2014\/07\/DSC00760.jpg\" target=\"_blank\" data-thumbnail=\"https:\/\/www.nikaiacours.fr\/wp-content\/uploads\/2014\/07\/DSC00760-300x225.jpg\" data-include=\"true\" data-hover=\"\" data-title=\"\" data-groups=\"\" class=\"nch-lightbox-media no-ajaxy ts-hover-image nachogroup9960692 nofancybox\" rel=\"nachogroup9960692\" data-effect=\"random\" data-nohashes=\"true\" data-usecors=\"global\" data-share=\"1\"><img src=\"https:\/\/www.nikaiacours.fr\/wp-content\/uploads\/2014\/07\/DSC00760-300x225.jpg\" alt=\"DSC00760-300x225\" class=\"nch-lb-makegrid\" data-no-lazy=\"1\"><\/a><a style=\"width: 20%; height: 100%; display: inline-block; margin: 0; padding: 0;\" id=\"nachogroup9960692-5\" href=\"https:\/\/www.nikaiacours.fr\/wp-content\/uploads\/2014\/07\/DSCN0345.jpg\" target=\"_blank\" data-thumbnail=\"https:\/\/www.nikaiacours.fr\/wp-content\/uploads\/2014\/07\/DSCN0345-300x225.jpg\" data-include=\"true\" data-hover=\"\" data-title=\"\" data-groups=\"\" class=\"nch-lightbox-media no-ajaxy ts-hover-image nachogroup9960692 nofancybox\" rel=\"nachogroup9960692\" data-effect=\"random\" data-nohashes=\"true\" data-usecors=\"global\" data-share=\"1\"><img src=\"https:\/\/www.nikaiacours.fr\/wp-content\/uploads\/2014\/07\/DSCN0345-300x225.jpg\" alt=\"DSCN0345-300x225\" class=\"nch-lb-makegrid\" data-no-lazy=\"1\"><\/a><a style=\"width: 20%; height: 100%; display: inline-block; margin: 0; padding: 0;\" id=\"nachogroup9960692-6\" href=\"https:\/\/www.nikaiacours.fr\/wp-content\/uploads\/2014\/07\/image.png\" target=\"_blank\" data-thumbnail=\"https:\/\/www.nikaiacours.fr\/wp-content\/uploads\/2014\/07\/image-300x225.png\" data-random=\"9960692\" data-include=\"true\" data-hover=\"\" data-title=\"\" data-groups=\"\" class=\"nch-lightbox-media no-ajaxy ts-hover-image nachogroup9960692 nofancybox\" rel=\"nachogroup9960692\" data-effect=\"random\" data-usecors=\"global\" data-share=\"1\" data-play=\"1\" data-autoplay=\"0\" data-duration=\"5000\" data-thumbsize=\"100\" data-thumbs=\"bottom\"  data-nohashes=\"true\" data-captions=\"true\" data-grid=\"240,480,720,960\" data-gridspace=\"2\" data-gridorder=\"false\" data-gridfilter=\"true\" data-gridavailable=\"Available Groups\" data-gridselected=\"Filtered Groups\" data-gridnogroups=\"No Groups\" data-gridtoggle=\"Toggle Filter\" data-gridtogglestyle=\"ts-color-button-belize-hole-flat\" data-gridshowall=\"Show All\" data-gridshowallstyle=\"ts-color-button-green-sea-flat\"><img src=\"https:\/\/www.nikaiacours.fr\/wp-content\/uploads\/2014\/07\/image-300x225.png\" alt=\"image-300x225\" class=\"nch-lb-makegrid\" data-no-lazy=\"1\"><\/a><\/div><\/div><\/div><\/div><\/div><\/div><\/div>\n","protected":false},"excerpt":{"rendered":"About Me Would you like to learn French here on the Cote d\u2019Azur without spending a fortune, and in classes of no more than three students? I offer high-quality, personalised French classes that cater for a variety of both levels and needs.\u00a0 This includes but is not limited to: beginners, advanced; summer courses for children","protected":false},"author":1948,"featured_media":0,"parent":0,"menu_order":0,"comment_status":"open","ping_status":"open","template":"","meta":{"_mi_skip_tracking":false},"amp_enabled":true,"_links":{"self":[{"href":"https:\/\/www.nikaiacours.fr\/en\/wp-json\/wp\/v2\/pages\/4554"}],"collection":[{"href":"https:\/\/www.nikaiacours.fr\/en\/wp-json\/wp\/v2\/pages"}],"about":[{"href":"https:\/\/www.nikaiacours.fr\/en\/wp-json\/wp\/v2\/types\/page"}],"author":[{"embeddable":true,"href":"https:\/\/www.nikaiacours.fr\/en\/wp-json\/wp\/v2\/users\/1948"}],"replies":[{"embeddable":true,"href":"https:\/\/www.nikaiacours.fr\/en\/wp-json\/wp\/v2\/comments?post=4554"}],"version-history":[{"count":4,"href":"https:\/\/www.nikaiacours.fr\/en\/wp-json\/wp\/v2\/pages\/4554\/revisions"}],"predecessor-version":[{"id":4558,"href":"https:\/\/www.nikaiacours.fr\/en\/wp-json\/wp\/v2\/pages\/4554\/revisions\/4558"}],"wp:attachment":[{"href":"https:\/\/www.nikaiacours.fr\/en\/wp-json\/wp\/v2\/media?parent=4554"}],"curies":[{"name":"wp","href":"https:\/\/api.w.org\/{rel}","templated":true}]}}